{"id":4211,"date":"2018-12-31T18:03:48","date_gmt":"2018-12-31T17:03:48","guid":{"rendered":"https:\/\/clubdelahaye.com\/?page_id=4211"},"modified":"2018-12-31T18:02:28","modified_gmt":"2018-12-31T17:02:28","slug":"les-concours-detat-et-delegance-reglements-ffve","status":"publish","type":"page","link":"https:\/\/clubdelahaye.com\/en\/les-concours-detat-et-delegance-reglements-ffve\/","title":{"rendered":"Les concours d&#8217;\u00e9tat et d&#8217;\u00e9l\u00e9gance. R\u00e8glements FFVE"},"content":{"rendered":"","protected":false},"excerpt":{"rendered":"","protected":false},"author":3,"featured_media":0,"parent":0,"menu_order":0,"comment_status":"closed","ping_status":"closed","template":"","meta":[],"class_list":["post-4211","page","type-page","status-publish","hentry","description-off"],"yoast_head":"<!-- This site is optimized with the Yoast SEO plugin v27.4 - https:\/\/yoast.com\/product\/yoast-seo-wordpress\/ -->\n<title>Les concours d&#039;\u00e9tat et d&#039;\u00e9l\u00e9gance. R\u00e8glements FFVE - Club Delahaye<\/title>\n<meta name=\"robots\" content=\"index, follow, max-snippet:-1, max-image-preview:large, max-video-preview:-1\" \/>\n<link rel=\"canonical\" href=\"https:\/\/clubdelahaye.com\/en\/les-concours-detat-et-delegance-reglements-ffve\/\" \/>\n<meta property=\"og:locale\" content=\"en_US\" \/>\n<meta property=\"og:type\" content=\"article\" \/>\n<meta property=\"og:title\" content=\"Les concours d&#039;\u00e9tat et d&#039;\u00e9l\u00e9gance. R\u00e8glements FFVE - Club Delahaye\" \/>\n<meta property=\"og:url\" content=\"https:\/\/clubdelahaye.com\/en\/les-concours-detat-et-delegance-reglements-ffve\/\" \/>\n<meta property=\"og:site_name\" content=\"Club Delahaye\" \/>\n<meta name=\"twitter:card\" content=\"summary_large_image\" \/>\n<script type=\"application\/ld+json\" class=\"yoast-schema-graph\">{\"@context\":\"https:\\\/\\\/schema.org\",\"@graph\":[{\"@type\":\"WebPage\",\"@id\":\"https:\\\/\\\/clubdelahaye.com\\\/en\\\/les-concours-detat-et-delegance-reglements-ffve\\\/\",\"url\":\"https:\\\/\\\/clubdelahaye.com\\\/en\\\/les-concours-detat-et-delegance-reglements-ffve\\\/\",\"name\":\"Les concours d'\u00e9tat et d'\u00e9l\u00e9gance. R\u00e8glements FFVE - Club Delahaye\",\"isPartOf\":{\"@id\":\"https:\\\/\\\/clubdelahaye.com\\\/en\\\/#website\"},\"datePublished\":\"2018-12-31T17:03:48+00:00\",\"breadcrumb\":{\"@id\":\"https:\\\/\\\/clubdelahaye.com\\\/en\\\/les-concours-detat-et-delegance-reglements-ffve\\\/#breadcrumb\"},\"inLanguage\":\"en-US\",\"potentialAction\":[{\"@type\":\"ReadAction\",\"target\":[\"https:\\\/\\\/clubdelahaye.com\\\/en\\\/les-concours-detat-et-delegance-reglements-ffve\\\/\"]}]},{\"@type\":\"BreadcrumbList\",\"@id\":\"https:\\\/\\\/clubdelahaye.com\\\/en\\\/les-concours-detat-et-delegance-reglements-ffve\\\/#breadcrumb\",\"itemListElement\":[{\"@type\":\"ListItem\",\"position\":1,\"name\":\"Accueil\",\"item\":\"https:\\\/\\\/clubdelahaye.com\\\/en\\\/\"},{\"@type\":\"ListItem\",\"position\":2,\"name\":\"Les concours d&#8217;\u00e9tat et d&#8217;\u00e9l\u00e9gance. R\u00e8glements FFVE\"}]},{\"@type\":\"WebSite\",\"@id\":\"https:\\\/\\\/clubdelahaye.com\\\/en\\\/#website\",\"url\":\"https:\\\/\\\/clubdelahaye.com\\\/en\\\/\",\"name\":\"Club Delahaye\",\"description\":\"Club Delahaye\",\"potentialAction\":[{\"@type\":\"SearchAction\",\"target\":{\"@type\":\"EntryPoint\",\"urlTemplate\":\"https:\\\/\\\/clubdelahaye.com\\\/en\\\/?s={search_term_string}\"},\"query-input\":{\"@type\":\"PropertyValueSpecification\",\"valueRequired\":true,\"valueName\":\"search_term_string\"}}],\"inLanguage\":\"en-US\"}]}<\/script>\n<!-- \/ Yoast SEO plugin. -->","yoast_head_json":{"title":"Les concours d'\u00e9tat et d'\u00e9l\u00e9gance. R\u00e8glements FFVE - Club Delahaye","robots":{"index":"index","follow":"follow","max-snippet":"max-snippet:-1","max-image-preview":"max-image-preview:large","max-video-preview":"max-video-preview:-1"},"canonical":"https:\/\/clubdelahaye.com\/en\/les-concours-detat-et-delegance-reglements-ffve\/","og_locale":"en_US","og_type":"article","og_title":"Les concours d'\u00e9tat et d'\u00e9l\u00e9gance. R\u00e8glements FFVE - Club Delahaye","og_url":"https:\/\/clubdelahaye.com\/en\/les-concours-detat-et-delegance-reglements-ffve\/","og_site_name":"Club Delahaye","twitter_card":"summary_large_image","schema":{"@context":"https:\/\/schema.org","@graph":[{"@type":"WebPage","@id":"https:\/\/clubdelahaye.com\/en\/les-concours-detat-et-delegance-reglements-ffve\/","url":"https:\/\/clubdelahaye.com\/en\/les-concours-detat-et-delegance-reglements-ffve\/","name":"Les concours d'\u00e9tat et d'\u00e9l\u00e9gance. R\u00e8glements FFVE - Club Delahaye","isPartOf":{"@id":"https:\/\/clubdelahaye.com\/en\/#website"},"datePublished":"2018-12-31T17:03:48+00:00","breadcrumb":{"@id":"https:\/\/clubdelahaye.com\/en\/les-concours-detat-et-delegance-reglements-ffve\/#breadcrumb"},"inLanguage":"en-US","potentialAction":[{"@type":"ReadAction","target":["https:\/\/clubdelahaye.com\/en\/les-concours-detat-et-delegance-reglements-ffve\/"]}]},{"@type":"BreadcrumbList","@id":"https:\/\/clubdelahaye.com\/en\/les-concours-detat-et-delegance-reglements-ffve\/#breadcrumb","itemListElement":[{"@type":"ListItem","position":1,"name":"Accueil","item":"https:\/\/clubdelahaye.com\/en\/"},{"@type":"ListItem","position":2,"name":"Les concours d&#8217;\u00e9tat et d&#8217;\u00e9l\u00e9gance. R\u00e8glements FFVE"}]},{"@type":"WebSite","@id":"https:\/\/clubdelahaye.com\/en\/#website","url":"https:\/\/clubdelahaye.com\/en\/","name":"Club Delahaye","description":"Club Delahaye","potentialAction":[{"@type":"SearchAction","target":{"@type":"EntryPoint","urlTemplate":"https:\/\/clubdelahaye.com\/en\/?s={search_term_string}"},"query-input":{"@type":"PropertyValueSpecification","valueRequired":true,"valueName":"search_term_string"}}],"inLanguage":"en-US"}]}},"_links":{"self":[{"href":"https:\/\/clubdelahaye.com\/en\/wp-json\/wp\/v2\/pages\/4211","targetHints":{"allow":["GET"]}}],"collection":[{"href":"https:\/\/clubdelahaye.com\/en\/wp-json\/wp\/v2\/pages"}],"about":[{"href":"https:\/\/clubdelahaye.com\/en\/wp-json\/wp\/v2\/types\/page"}],"author":[{"embeddable":true,"href":"https:\/\/clubdelahaye.com\/en\/wp-json\/wp\/v2\/users\/3"}],"replies":[{"embeddable":true,"href":"https:\/\/clubdelahaye.com\/en\/wp-json\/wp\/v2\/comments?post=4211"}],"version-history":[{"count":0,"href":"https:\/\/clubdelahaye.com\/en\/wp-json\/wp\/v2\/pages\/4211\/revisions"}],"wp:attachment":[{"href":"https:\/\/clubdelahaye.com\/en\/wp-json\/wp\/v2\/media?parent=4211"}],"curies":[{"name":"wp","href":"https:\/\/api.w.org\/{rel}","templated":true}]}}