{"id":2564,"date":"2017-04-18T17:24:01","date_gmt":"2017-04-18T15:24:01","guid":{"rendered":"https:\/\/clubdelahaye.com\/?page_id=2564"},"modified":"2017-04-18T17:24:01","modified_gmt":"2017-04-18T15:24:01","slug":"cotisation-annuelle","status":"publish","type":"page","link":"https:\/\/clubdelahaye.com\/en\/cotisation-annuelle\/","title":{"rendered":"Cotisation annuelle"},"content":{"rendered":"<div class=\"wpb-content-wrapper\"><p>[vc_row][vc_column width=&#8221;1\/2&#8243;][vc_text_separator title=&#8221;Cotisation classique&#8221;][vc_column_text]Cette cotisation s&#8217;adresse <strong>uniquement <\/strong>aux \u00a0possesseurs de Delahaye (135\/148 L \/ 175 \/ 235 )<\/p>\n<p>&nbsp;<\/p>\n<p>Deux tarifs sont disponibles , un pour ceux payant par l&#8217;interm\u00e9diaire d&#8217;une banque fran\u00e7aise et un autre pour ceux payant par l&#8217;interm\u00e9diaire d&#8217;une banque \u00e9trang\u00e8re. Veuillez choisir la bonne cotisation .[\/vc_column_text][vc_empty_space height=&#8221;15&#8243;][vc_row_inner][vc_column_inner width=&#8221;1\/2&#8243;][product id=&#8221;2449&#8243;][\/vc_column_inner][vc_column_inner width=&#8221;1\/2&#8243;][product id=&#8221;2452&#8243;][\/vc_column_inner][\/vc_row_inner][\/vc_column][vc_column width=&#8221;1\/2&#8243;][vc_text_separator title=&#8221;Cotisation r\u00e9duite&#8221;][vc_column_text]Cette cotisation s&#8217;adresse <strong>uniquement <\/strong>aux\u00a0sympathisants (sans voiture) et aux\u00a0possesseurs (uniquement) \u00a0: de Delahaye de tourisme ant\u00e9rieur \u00e0 1933, de VLR , de camion, de v\u00e9hicule industriel et de lutte contre l\u2019incendie.<\/p>\n<p>Deux tarifs sont disponibles , un pour ceux payant par l&#8217;interm\u00e9diaire d&#8217;une banque fran\u00e7aise et un autre pour ceux payant par l&#8217;interm\u00e9diaire d&#8217;une banque \u00e9trang\u00e8re. Veuillez choisir la bonne cotisation .[\/vc_column_text][vc_row_inner][vc_column_inner width=&#8221;1\/2&#8243;][product id=&#8221;2434&#8243;][\/vc_column_inner][vc_column_inner width=&#8221;1\/2&#8243;][product id=&#8221;2447&#8243;][\/vc_column_inner][\/vc_row_inner][\/vc_column][\/vc_row]<\/p>\n<\/div>","protected":false},"excerpt":{"rendered":"<p>[vc_row][vc_column width=&#8221;1\/2&#8243;][vc_text_separator title=&#8221;Cotisation classique&#8221;][vc_column_text]Cette cotisation s&#8217;adresse uniquement aux \u00a0possesseurs de Delahaye (135\/148 L \/ 175 \/ 235 ) &nbsp; Deux tarifs sont disponibles , un pour ceux payant par l&#8217;interm\u00e9diaire d&#8217;une banque fran\u00e7aise et un autre pour ceux payant par l&#8217;interm\u00e9diaire d&#8217;une banque \u00e9trang\u00e8re. Veuillez choisir la bonne cotisation .[\/vc_column_text][vc_empty_space height=&#8221;15&#8243;][vc_row_inner][vc_column_inner width=&#8221;1\/2&#8243;][product id=&#8221;2449&#8243;][\/vc_column_inner][vc_column_inner width=&#8221;1\/2&#8243;][product id=&#8221;2452&#8243;][\/vc_column_inner][\/vc_row_inner][\/vc_column][vc_column&hellip;<\/p>\n","protected":false},"author":1,"featured_media":0,"parent":0,"menu_order":0,"comment_status":"closed","ping_status":"closed","template":"","meta":[],"class_list":["post-2564","page","type-page","status-publish","hentry","description-off"],"yoast_head":"<!-- This site is optimized with the Yoast SEO plugin v27.4 - https:\/\/yoast.com\/product\/yoast-seo-wordpress\/ -->\n<title>Cotisation annuelle - Club Delahaye<\/title>\n<meta name=\"robots\" content=\"index, follow, max-snippet:-1, max-image-preview:large, max-video-preview:-1\" \/>\n<link rel=\"canonical\" href=\"https:\/\/clubdelahaye.com\/en\/cotisation-annuelle\/\" \/>\n<meta property=\"og:locale\" content=\"en_US\" \/>\n<meta property=\"og:type\" content=\"article\" \/>\n<meta property=\"og:title\" content=\"Cotisation annuelle - Club Delahaye\" \/>\n<meta property=\"og:description\" content=\"[vc_row][vc_column width=&#8221;1\/2&#8243;][vc_text_separator title=&#8221;Cotisation classique&#8221;][vc_column_text]Cette cotisation s&#8217;adresse uniquement aux \u00a0possesseurs de Delahaye (135\/148 L \/ 175 \/ 235 ) &nbsp; Deux tarifs sont disponibles , un pour ceux payant par l&#8217;interm\u00e9diaire d&#8217;une banque fran\u00e7aise et un autre pour ceux payant par l&#8217;interm\u00e9diaire d&#8217;une banque \u00e9trang\u00e8re. Veuillez choisir la bonne cotisation .[\/vc_column_text][vc_empty_space height=&#8221;15&#8243;][vc_row_inner][vc_column_inner width=&#8221;1\/2&#8243;][product id=&#8221;2449&#8243;][\/vc_column_inner][vc_column_inner width=&#8221;1\/2&#8243;][product id=&#8221;2452&#8243;][\/vc_column_inner][\/vc_row_inner][\/vc_column][vc_column&hellip;\" \/>\n<meta property=\"og:url\" content=\"https:\/\/clubdelahaye.com\/en\/cotisation-annuelle\/\" \/>\n<meta property=\"og:site_name\" content=\"Club Delahaye\" \/>\n<meta name=\"twitter:card\" content=\"summary_large_image\" \/>\n<meta name=\"twitter:label1\" content=\"Est. reading time\" \/>\n\t<meta name=\"twitter:data1\" content=\"1 minute\" \/>\n<script type=\"application\/ld+json\" class=\"yoast-schema-graph\">{\"@context\":\"https:\\\/\\\/schema.org\",\"@graph\":[{\"@type\":\"WebPage\",\"@id\":\"https:\\\/\\\/clubdelahaye.com\\\/en\\\/cotisation-annuelle\\\/\",\"url\":\"https:\\\/\\\/clubdelahaye.com\\\/en\\\/cotisation-annuelle\\\/\",\"name\":\"Cotisation annuelle - Club Delahaye\",\"isPartOf\":{\"@id\":\"https:\\\/\\\/clubdelahaye.com\\\/en\\\/#website\"},\"datePublished\":\"2017-04-18T15:24:01+00:00\",\"breadcrumb\":{\"@id\":\"https:\\\/\\\/clubdelahaye.com\\\/en\\\/cotisation-annuelle\\\/#breadcrumb\"},\"inLanguage\":\"en-US\",\"potentialAction\":[{\"@type\":\"ReadAction\",\"target\":[\"https:\\\/\\\/clubdelahaye.com\\\/en\\\/cotisation-annuelle\\\/\"]}]},{\"@type\":\"BreadcrumbList\",\"@id\":\"https:\\\/\\\/clubdelahaye.com\\\/en\\\/cotisation-annuelle\\\/#breadcrumb\",\"itemListElement\":[{\"@type\":\"ListItem\",\"position\":1,\"name\":\"Accueil\",\"item\":\"https:\\\/\\\/clubdelahaye.com\\\/en\\\/\"},{\"@type\":\"ListItem\",\"position\":2,\"name\":\"Cotisation annuelle\"}]},{\"@type\":\"WebSite\",\"@id\":\"https:\\\/\\\/clubdelahaye.com\\\/en\\\/#website\",\"url\":\"https:\\\/\\\/clubdelahaye.com\\\/en\\\/\",\"name\":\"Club Delahaye\",\"description\":\"Club Delahaye\",\"potentialAction\":[{\"@type\":\"SearchAction\",\"target\":{\"@type\":\"EntryPoint\",\"urlTemplate\":\"https:\\\/\\\/clubdelahaye.com\\\/en\\\/?s={search_term_string}\"},\"query-input\":{\"@type\":\"PropertyValueSpecification\",\"valueRequired\":true,\"valueName\":\"search_term_string\"}}],\"inLanguage\":\"en-US\"}]}<\/script>\n<!-- \/ Yoast SEO plugin. -->","yoast_head_json":{"title":"Cotisation annuelle - Club Delahaye","robots":{"index":"index","follow":"follow","max-snippet":"max-snippet:-1","max-image-preview":"max-image-preview:large","max-video-preview":"max-video-preview:-1"},"canonical":"https:\/\/clubdelahaye.com\/en\/cotisation-annuelle\/","og_locale":"en_US","og_type":"article","og_title":"Cotisation annuelle - Club Delahaye","og_description":"[vc_row][vc_column width=&#8221;1\/2&#8243;][vc_text_separator title=&#8221;Cotisation classique&#8221;][vc_column_text]Cette cotisation s&#8217;adresse uniquement aux \u00a0possesseurs de Delahaye (135\/148 L \/ 175 \/ 235 ) &nbsp; Deux tarifs sont disponibles , un pour ceux payant par l&#8217;interm\u00e9diaire d&#8217;une banque fran\u00e7aise et un autre pour ceux payant par l&#8217;interm\u00e9diaire d&#8217;une banque \u00e9trang\u00e8re. Veuillez choisir la bonne cotisation .[\/vc_column_text][vc_empty_space height=&#8221;15&#8243;][vc_row_inner][vc_column_inner width=&#8221;1\/2&#8243;][product id=&#8221;2449&#8243;][\/vc_column_inner][vc_column_inner width=&#8221;1\/2&#8243;][product id=&#8221;2452&#8243;][\/vc_column_inner][\/vc_row_inner][\/vc_column][vc_column&hellip;","og_url":"https:\/\/clubdelahaye.com\/en\/cotisation-annuelle\/","og_site_name":"Club Delahaye","twitter_card":"summary_large_image","twitter_misc":{"Est. reading time":"1 minute"},"schema":{"@context":"https:\/\/schema.org","@graph":[{"@type":"WebPage","@id":"https:\/\/clubdelahaye.com\/en\/cotisation-annuelle\/","url":"https:\/\/clubdelahaye.com\/en\/cotisation-annuelle\/","name":"Cotisation annuelle - Club Delahaye","isPartOf":{"@id":"https:\/\/clubdelahaye.com\/en\/#website"},"datePublished":"2017-04-18T15:24:01+00:00","breadcrumb":{"@id":"https:\/\/clubdelahaye.com\/en\/cotisation-annuelle\/#breadcrumb"},"inLanguage":"en-US","potentialAction":[{"@type":"ReadAction","target":["https:\/\/clubdelahaye.com\/en\/cotisation-annuelle\/"]}]},{"@type":"BreadcrumbList","@id":"https:\/\/clubdelahaye.com\/en\/cotisation-annuelle\/#breadcrumb","itemListElement":[{"@type":"ListItem","position":1,"name":"Accueil","item":"https:\/\/clubdelahaye.com\/en\/"},{"@type":"ListItem","position":2,"name":"Cotisation annuelle"}]},{"@type":"WebSite","@id":"https:\/\/clubdelahaye.com\/en\/#website","url":"https:\/\/clubdelahaye.com\/en\/","name":"Club Delahaye","description":"Club Delahaye","potentialAction":[{"@type":"SearchAction","target":{"@type":"EntryPoint","urlTemplate":"https:\/\/clubdelahaye.com\/en\/?s={search_term_string}"},"query-input":{"@type":"PropertyValueSpecification","valueRequired":true,"valueName":"search_term_string"}}],"inLanguage":"en-US"}]}},"_links":{"self":[{"href":"https:\/\/clubdelahaye.com\/en\/wp-json\/wp\/v2\/pages\/2564","targetHints":{"allow":["GET"]}}],"collection":[{"href":"https:\/\/clubdelahaye.com\/en\/wp-json\/wp\/v2\/pages"}],"about":[{"href":"https:\/\/clubdelahaye.com\/en\/wp-json\/wp\/v2\/types\/page"}],"author":[{"embeddable":true,"href":"https:\/\/clubdelahaye.com\/en\/wp-json\/wp\/v2\/users\/1"}],"replies":[{"embeddable":true,"href":"https:\/\/clubdelahaye.com\/en\/wp-json\/wp\/v2\/comments?post=2564"}],"version-history":[{"count":0,"href":"https:\/\/clubdelahaye.com\/en\/wp-json\/wp\/v2\/pages\/2564\/revisions"}],"wp:attachment":[{"href":"https:\/\/clubdelahaye.com\/en\/wp-json\/wp\/v2\/media?parent=2564"}],"curies":[{"name":"wp","href":"https:\/\/api.w.org\/{rel}","templated":true}]}}